{"id":134,"date":"2021-07-14T20:06:38","date_gmt":"2021-07-14T20:06:38","guid":{"rendered":"https:\/\/maisistema.com.br\/?page_id=134"},"modified":"2021-07-27T14:41:03","modified_gmt":"2021-07-27T14:41:03","slug":"politica","status":"publish","type":"page","link":"https:\/\/maisistema.com.br\/index.php\/politica\/","title":{"rendered":"Pol\u00edtica de Privacidade"},"content":{"rendered":"\n<div class=\"wp-block-themeisle-blocks-advanced-columns has-1-columns has-desktop-equal-layout has-tablet-equal-layout has-mobile-equal-layout has-default-gap has-vertical-unset\" id=\"wp-block-themeisle-blocks-advanced-columns-3c130a08\"><div class=\"wp-block-themeisle-blocks-advanced-columns-overlay\"><\/div><div class=\"innerblocks-wrap\">\n<div class=\"wp-block-themeisle-blocks-advanced-column\" id=\"wp-block-themeisle-blocks-advanced-column-9629b557\">\n<p><strong>1. Disposi\u00e7\u00f5es Gerais<\/strong><\/p>\n\n\n\n<p>A MAISistema preza pela privacidade e a seguran\u00e7a \/ prote\u00e7\u00e3o dos dados pessoais das pessoas f\u00edsicas sujeitas a qualquer tipo de tratamento, cujos princ\u00edpios s\u00e3o objeto de constante an\u00e1lise, bem como a observ\u00e2ncia \u00e0 base legal de refer\u00eancia em todos os seus processos de neg\u00f3cio relacionados, visando ainda a garantia aos direitos dos titulares, em total observ\u00e2ncia e conformidade com a LGPD &#8211; Lei Geral de Prote\u00e7\u00e3o de Dados (Lei 13.709\/18).<\/p>\n\n\n\n<p>\u00c0 Lei Geral de Prote\u00e7\u00e3o de Dados, dado pessoal \u00e9 qualquer dado que possa identificar ou que possa tornar identific\u00e1vel uma pessoa f\u00edsica. E o dado pessoal sens\u00edvel, \u00e9 aquele que, por sua natureza, por ser pass\u00edvel de gerar maior risco \u00e0 pessoa, merece maior cuidado e prote\u00e7\u00e3o no seu tratamento, como por exemplo, aqueles de origem racial ou \u00e9tnica, convic\u00e7\u00e3o religiosa, opini\u00e3o pol\u00edtica, filia\u00e7\u00e3o a sindicato ou a organiza\u00e7\u00e3o de car\u00e1ter religioso, filos\u00f3fico ou pol\u00edtico, al\u00e9m dos dados referentes a sa\u00fade ou a vida sexual e os dados gen\u00e9ticos ou biom\u00e9tricos, quando vinculados a uma pessoa f\u00edsica.<\/p>\n\n\n\n<p>Neste sentido, ciente da responsabilidade e atenta ao compromisso com a legisla\u00e7\u00e3o vigente, a MAISistema realiza todas as a\u00e7\u00f5es necess\u00e1rias com foco na seguran\u00e7a \/ prote\u00e7\u00e3o de dados, inclusive como uma das principais formas de garantir o direito a privacidade.<\/p>\n\n\n\n<p>A Pol\u00edtica de Privacidade \u00e9 a principal forma documental, sendo a mais direta e transparente que a MAISistema se utiliza para demonstrar aos titulares como \u00e9 realizado o tratamento de seus dados pessoais, de acordo com os servi\u00e7os deste site.<\/p>\n\n\n\n<p><strong>2. Direitos do Usu\u00e1rio<\/strong><\/p>\n\n\n\n<p>O site se compromete a cumprir as normas previstas na Lei Geral de Prote\u00e7\u00e3o de Dados Pessoais e seus princ\u00edpios:<\/p>\n\n\n\n<ul class=\"wp-block-list\"><li>Os dados pessoais do usu\u00e1rio ser\u00e3o processados e armazenados apenas para finalidades do site, vedado qualquer tratamento incompat\u00edvel;<\/li><li>Os dados pessoais do usu\u00e1rio ser\u00e3o coletados de forma adequada, pertinente e limitada ao nosso objetivo institucional; e<\/li><li>Os dados pessoais do usu\u00e1rio ser\u00e3o tratados de forma segura, protegidos do tratamento n\u00e3o autorizado ou il\u00edcito e contra sua altera\u00e7\u00e3o n\u00e3o autorizada, conservados no per\u00edodo necess\u00e1rio \u00e0s finalidades para as quais s\u00e3o tratados.<\/li><\/ul>\n\n\n\n<p>Conforme a LGPD, o usu\u00e1rio tem os seguintes direitos:<\/p>\n\n\n\n<ul class=\"wp-block-list\"><li>Direito de confirma\u00e7\u00e3o e acesso: o usu\u00e1rio pode obter informa\u00e7\u00f5es acerca do tratamento de seus dados pessoais, pedir sua limita\u00e7\u00e3o e o direito de acess\u00e1-los;<\/li><li>Direito de retifica\u00e7\u00e3o de seus dados pessoais em caso de inexatid\u00e3o;<\/li><li>Direito de pedir a exclus\u00e3o dos dados da plataforma.<\/li><\/ul>\n\n\n\n<p>O usu\u00e1rio poder\u00e1 exercer seus direitos por meio de comunica\u00e7\u00e3o escrita enviada ao site, especificando:<\/p>\n\n\n\n<ul class=\"wp-block-list\"><li>Nome completo ou raz\u00e3o social, CPF ou CNPJ e endere\u00e7o de e-mail.<\/li><li>Direito que deseja exercer;<\/li><li>Data do pedido e assinatura do usu\u00e1rio;<br>O pedido dever\u00e1 ser encaminhado ao e-mail: contato@maisistema.com.br.<\/li><\/ul>\n\n\n\n<p><strong>3. Tipos de Dados Coletados<\/strong><\/p>\n\n\n\n<p>A utiliza\u00e7\u00e3o dos sistemas da MAISistema depender\u00e1 de cadastro com os seguintes dados:<\/p>\n\n\n\n<ul class=\"wp-block-list\"><li>Nome;<\/li><li>Endere\u00e7o de e-mail;<\/li><li>Telefone;<\/li><li>Cidade;<\/li><li>Pa\u00eds; e<\/li><li>CPF.<\/li><\/ul>\n\n\n\n<p>O formul\u00e1rio preenchido e enviado no item contato ser\u00e1 coletado e armazenado.<\/p>\n\n\n\n<p><strong>4. Registros de Acesso<\/strong><\/p>\n\n\n\n<p>O registro de acesso ser\u00e1 coletado e armazenado por pelo menos 6 meses (Art. 15\u00ba, caput e par\u00e1grafos, da Lei Federal n.\u00ba 12.965\/2014).<\/p>\n\n\n\n<p><strong>5. Consentimento<\/strong><\/p>\n\n\n\n<p>Ao utilizar os servi\u00e7os do site o usu\u00e1rio est\u00e1 consentido com esta Pol\u00edtica de Privacidade. A qualquer momento o usu\u00e1rio ter\u00e1 o direito de retirar o seu consentimento atrav\u00e9s do e-mail: contato@maisistema.com.br.<\/p>\n\n\n\n<p><strong>6. Finalidades do Tratamento dos Dados Pessoais<\/strong><\/p>\n\n\n\n<p>A MAISistema realiza o tratamento de dados pessoais dos usu\u00e1rios do site com a seguinte finalidade:<\/p>\n\n\n\n<p>I. Disponibilizar estimativa e permitir a compra de produtos\/servi\u00e7os das solu\u00e7\u00f5es disponibilizadas diretamente no site.<\/p>\n\n\n\n<p>II. Desenvolver estudos sobre os comportamentos, interesses e e demografia dos usu\u00e1rios para fornecer e personalizar os Servi\u00e7os do site, visando sempre melhorar de forma cont\u00ednua a experi\u00eancia de navega\u00e7\u00e3o no site.<\/p>\n\n\n\n<p>III. Permitir a comunica\u00e7\u00e3o com os usu\u00e1rios e o envio de informa\u00e7\u00f5es sobre servi\u00e7os por ele solicitados.<\/p>\n\n\n\n<p>IV. Realizar iniciativas comerciais e promocionais da MAISistema, atrav\u00e9s do envio de mensagens sobre novos servi\u00e7os, publicidade, promo\u00e7\u00f5es ou outras formas de marketing.<\/p>\n\n\n\n<p>V. Gerar an\u00e1lises estat\u00edsticas, atrav\u00e9s da correla\u00e7\u00e3o de dados, sobre os modos de uso do site e dos servi\u00e7os oferecidos pela MAISistema, para que esta possa operar, avaliar e melhorar os seus neg\u00f3cios, e compreender melhor as necessidades e interesses dos usu\u00e1rios, a fim de\u00a0 oferecer melhores produtos e servi\u00e7os e\/ou prover informa\u00e7\u00f5es relacionadas.<\/p>\n\n\n\n<p>Nas demais hip\u00f3teses, nos limites e na forma do consentimento concedido pelo usu\u00e1rio do site, e no limite do que for permitido ou exigido pela lei.<\/p>\n\n\n\n<p><strong>7. Prazo de Conserva\u00e7\u00e3o<\/strong><\/p>\n\n\n\n<p>N\u00f3s utilizaremos seus dados pessoais pelo tempo que for necess\u00e1rio para alcan\u00e7ar as finalidades para as quais eles foram coletados ou para cumprir com obriga\u00e7\u00f5es legais aplic\u00e1veis.<\/p>\n\n\n\n<p><strong>8. Respons\u00e1vel pelo Tratamento dos Dados<\/strong><\/p>\n\n\n\n<p>Caso tenha d\u00favidas sobre esta Pol\u00edtica de Privacidade, sobre os dados pessoais que tratamos ou queira entrar em contato para exercer os seus direitos de titular voc\u00ea pode entrar em contato atrav\u00e9s do nosso endere\u00e7o de e-mail: contato@maisistema.com.br.<\/p>\n\n\n\n<p><strong>9. Seguran\u00e7a no Tratamento dos Dados Pessoais<\/strong><\/p>\n\n\n\n<p>Empregamos medidas de seguran\u00e7a da informa\u00e7\u00e3o a fim de resguardar os dados pessoais de acesso n\u00e3o autorizados e de situa\u00e7\u00f5es de perda, extravio ou altera\u00e7\u00e3o.<br>Os dados s\u00e3o armazenados em ambiente seguro e a gest\u00e3o de riscos \u00e9 realizada de maneira cont\u00ednua de modo a evitar danos relevantes para qualquer de nossos usu\u00e1rios.<br>Em conformidade com a Lei Geral de Prote\u00e7\u00e3o de Dados, em caso de eventuais incidentes de seguran\u00e7a, comunicaremos aos afetados e a Autoridade Nacional de Prote\u00e7\u00e3o de Dados.<\/p>\n\n\n\n<p><strong>10. Dados de Navega\u00e7\u00e3o<\/strong><\/p>\n\n\n\n<p>Os dados de navega\u00e7\u00e3o s\u00e3o utilizados para tornar a experi\u00eancia em nossa plataforma mais eficiente. Usamos Cookies para melhorar o uso, a funcionalidade, as ferramentas e servi\u00e7os oferecidos, bem como para entender melhor o perfil dos nossos usu\u00e1rios. Tamb\u00e9m nos ajudam a adaptar e aperfei\u00e7oar o servi\u00e7o de acordo com as necessidades pessoais, para facilitar o uso, receber feedbacks de satisfa\u00e7\u00e3o e nos comunicarmos atrav\u00e9s de outros locais na internet.<\/p>\n\n\n\n<p><strong>11. Atualiza\u00e7\u00e3o<\/strong><\/p>\n\n\n\n<p>A presente Pol\u00edtica de Privacidade foi atualizada pela \u00faltima vez em 8 de Julho de 2021. Reservamos o direito de modificar, a qualquer momento, as presentes cl\u00e1usulas, ressalvado o direito ao usu\u00e1rio de notifica\u00e7\u00e3o em caso de altera\u00e7\u00e3o.<\/p>\n\n\n\n<p><strong>12. Cl\u00e1usula de Foro<\/strong><\/p>\n\n\n\n<p>\u00c9 eleito o F\u00f3rum da Comarca de Natal\/RN, para serem resolvidas quaisquer quest\u00f5es que venham a surgir com rela\u00e7\u00e3o a esta Pol\u00edtica de Privacidade.<\/p>\n<\/div>\n<\/div><\/div>\n","protected":false},"excerpt":{"rendered":"","protected":false},"author":1,"featured_media":0,"parent":0,"menu_order":0,"comment_status":"closed","ping_status":"closed","template":"","meta":{"footnotes":""},"class_list":["post-134","page","type-page","status-publish","hentry"],"jetpack_sharing_enabled":true,"_links":{"self":[{"href":"https:\/\/maisistema.com.br\/index.php\/wp-json\/wp\/v2\/pages\/134","targetHints":{"allow":["GET"]}}],"collection":[{"href":"https:\/\/maisistema.com.br\/index.php\/wp-json\/wp\/v2\/pages"}],"about":[{"href":"https:\/\/maisistema.com.br\/index.php\/wp-json\/wp\/v2\/types\/page"}],"author":[{"embeddable":true,"href":"https:\/\/maisistema.com.br\/index.php\/wp-json\/wp\/v2\/users\/1"}],"replies":[{"embeddable":true,"href":"https:\/\/maisistema.com.br\/index.php\/wp-json\/wp\/v2\/comments?post=134"}],"version-history":[{"count":5,"href":"https:\/\/maisistema.com.br\/index.php\/wp-json\/wp\/v2\/pages\/134\/revisions"}],"predecessor-version":[{"id":175,"href":"https:\/\/maisistema.com.br\/index.php\/wp-json\/wp\/v2\/pages\/134\/revisions\/175"}],"wp:attachment":[{"href":"https:\/\/maisistema.com.br\/index.php\/wp-json\/wp\/v2\/media?parent=134"}],"curies":[{"name":"wp","href":"https:\/\/api.w.org\/{rel}","templated":true}]}}